{"id":170,"date":"2013-01-26T14:27:58","date_gmt":"2013-01-26T14:27:58","guid":{"rendered":"http:\/\/dirk-kunz.net\/?page_id=170"},"modified":"2022-07-05T20:51:50","modified_gmt":"2022-07-05T20:51:50","slug":"unterricht","status":"publish","type":"page","link":"http:\/\/dirk-kunz.net\/?page_id=170","title":{"rendered":"Unterricht"},"content":{"rendered":"<p>Alles muss grooven. Oder wie mein erster Lehrer, Martin &#8222;Schmitti&#8220; Schmitt, immer gesagt hat: &#8222;Wenn keiner mit dem Arsch wackelt wenn du spielst, ist was falsch.&#8220;<\/p>\n<p>Das bedeutet, dass alles, was du spielst, dir Spa\u00df machen muss. Dir Wege zu zeigen, wie man diesen Spa\u00df selbst ins \u00dcben bringt, sehe ich als eine meiner Hauptaufgaben an.<\/p>\n<p>Eine detaillierte \u00dcbersicht zu den verschiedenen Unterrichtsangeboten und Inhalten findet Ihr hier:<\/p>\n<ul>\n<li><a href=\"http:\/\/dirk-kunz.net\/?page_id=1097\">Kontrabassunterricht<\/a><\/li>\n<li><a href=\"http:\/\/dirk-kunz.net\/?page_id=1109\">E-Bassunterricht<\/a><\/li>\n<li><a href=\"http:\/\/dirk-kunz.net\/?page_id=1146\">Improvisationsunterricht<\/a><\/li>\n<li><a href=\"http:\/\/dirk-kunz.net\/?page_id=1149\">First Steps Into Jazz<\/a><\/li>\n<li><a href=\"http:\/\/dirk-kunz.net\/?page_id=1157\">Second Steps Into Jazz<\/a><\/li>\n<li><a href=\"http:\/\/dirk-kunz.net\/?page_id=1272&amp;preview=true\">Third Steps Into Jazz<\/a><\/li>\n<li><a href=\"http:\/\/dirk-kunz.net\/?page_id=1162\">Rhythmik &amp; K\u00f6rperbewusstsein<\/a><\/li>\n<li><a href=\"http:\/\/dirk-kunz.net\/?page_id=1172\">Rhythmusgruppentraining<\/a><\/li>\n<li><a href=\"http:\/\/dirk-kunz.net\/?page_id=1699\">Bandcoaching<\/a><\/li>\n<\/ul>\n","protected":false},"excerpt":{"rendered":"<p>Alles muss grooven. Oder wie mein erster Lehrer, Martin &#8222;Schmitti&#8220; Schmitt, immer gesagt hat: &#8222;Wenn keiner mit dem Arsch wackelt wenn du spielst, ist was falsch.&#8220; Das bedeutet, dass alles, was du spielst, dir Spa\u00df machen muss. Dir Wege zu zeigen, wie man diesen Spa\u00df selbst ins \u00dcben bringt, sehe ich als eine meiner Hauptaufgaben [&hellip;]<\/p>\n","protected":false},"author":1,"featured_media":0,"parent":0,"menu_order":2,"comment_status":"open","ping_status":"open","template":"","meta":{"_monsterinsights_skip_tracking":false,"_monsterinsights_sitenote_active":false,"_monsterinsights_sitenote_note":"","_monsterinsights_sitenote_category":0},"_links":{"self":[{"href":"http:\/\/dirk-kunz.net\/index.php?rest_route=\/wp\/v2\/pages\/170"}],"collection":[{"href":"http:\/\/dirk-kunz.net\/index.php?rest_route=\/wp\/v2\/pages"}],"about":[{"href":"http:\/\/dirk-kunz.net\/index.php?rest_route=\/wp\/v2\/types\/page"}],"author":[{"embeddable":true,"href":"http:\/\/dirk-kunz.net\/index.php?rest_route=\/wp\/v2\/users\/1"}],"replies":[{"embeddable":true,"href":"http:\/\/dirk-kunz.net\/index.php?rest_route=%2Fwp%2Fv2%2Fcomments&post=170"}],"version-history":[{"count":50,"href":"http:\/\/dirk-kunz.net\/index.php?rest_route=\/wp\/v2\/pages\/170\/revisions"}],"predecessor-version":[{"id":1701,"href":"http:\/\/dirk-kunz.net\/index.php?rest_route=\/wp\/v2\/pages\/170\/revisions\/1701"}],"wp:attachment":[{"href":"http:\/\/dirk-kunz.net\/index.php?rest_route=%2Fwp%2Fv2%2Fmedia&parent=170"}],"curies":[{"name":"wp","href":"https:\/\/api.w.org\/{rel}","templated":true}]}}