{"id":1699,"date":"2022-07-05T20:50:45","date_gmt":"2022-07-05T20:50:45","guid":{"rendered":"http:\/\/dirk-kunz.net\/?page_id=1699"},"modified":"2022-07-05T20:50:45","modified_gmt":"2022-07-05T20:50:45","slug":"bandcoaching","status":"publish","type":"page","link":"http:\/\/dirk-kunz.net\/?page_id=1699","title":{"rendered":"Bandcoaching"},"content":{"rendered":"\n<p>Neben meiner T\u00e4tigkeit als Instrumentallehrer biete ich auch Bandcoachings an. Wenn Ihr mal einen Input in Sachen Zusammenspiel, Arrangement oder Songwriting braucht, egal wie viele Ihr seid, ob Pop, Rock oder gerne auch Jazz, k\u00f6nnt Ihr Euch gerne melden.  Ob Einzeltermine oder regelm\u00e4\u00dfige Treffen entschieden wir gemeinsam, ganz so, wie es f\u00fcr Euer Projekt am besten ist.<\/p>\n","protected":false},"excerpt":{"rendered":"<p>Neben meiner T\u00e4tigkeit als Instrumentallehrer biete ich auch Bandcoachings an. Wenn Ihr mal einen Input in Sachen Zusammenspiel, Arrangement oder Songwriting braucht, egal wie viele Ihr seid, ob Pop, Rock oder gerne auch Jazz, k\u00f6nnt Ihr Euch gerne melden. Ob Einzeltermine oder regelm\u00e4\u00dfige Treffen entschieden wir gemeinsam, ganz so, wie es f\u00fcr Euer Projekt am [&hellip;]<\/p>\n","protected":false},"author":1,"featured_media":0,"parent":170,"menu_order":0,"comment_status":"closed","ping_status":"closed","template":"","meta":{"_monsterinsights_skip_tracking":false,"_monsterinsights_sitenote_active":false,"_monsterinsights_sitenote_note":"","_monsterinsights_sitenote_category":0},"_links":{"self":[{"href":"http:\/\/dirk-kunz.net\/index.php?rest_route=\/wp\/v2\/pages\/1699"}],"collection":[{"href":"http:\/\/dirk-kunz.net\/index.php?rest_route=\/wp\/v2\/pages"}],"about":[{"href":"http:\/\/dirk-kunz.net\/index.php?rest_route=\/wp\/v2\/types\/page"}],"author":[{"embeddable":true,"href":"http:\/\/dirk-kunz.net\/index.php?rest_route=\/wp\/v2\/users\/1"}],"replies":[{"embeddable":true,"href":"http:\/\/dirk-kunz.net\/index.php?rest_route=%2Fwp%2Fv2%2Fcomments&post=1699"}],"version-history":[{"count":1,"href":"http:\/\/dirk-kunz.net\/index.php?rest_route=\/wp\/v2\/pages\/1699\/revisions"}],"predecessor-version":[{"id":1700,"href":"http:\/\/dirk-kunz.net\/index.php?rest_route=\/wp\/v2\/pages\/1699\/revisions\/1700"}],"up":[{"embeddable":true,"href":"http:\/\/dirk-kunz.net\/index.php?rest_route=\/wp\/v2\/pages\/170"}],"wp:attachment":[{"href":"http:\/\/dirk-kunz.net\/index.php?rest_route=%2Fwp%2Fv2%2Fmedia&parent=1699"}],"curies":[{"name":"wp","href":"https:\/\/api.w.org\/{rel}","templated":true}]}}