{"id":1335,"date":"2016-08-25T12:00:47","date_gmt":"2016-08-25T12:00:47","guid":{"rendered":"http:\/\/dirk-kunz.net\/?page_id=1335"},"modified":"2017-08-16T09:44:17","modified_gmt":"2017-08-16T09:44:17","slug":"kunzt-schillert","status":"publish","type":"page","link":"http:\/\/dirk-kunz.net\/?page_id=1335","title":{"rendered":"Kunz(t) Schiller(t)"},"content":{"rendered":"<p><iframe  style=\"display: block; margin: 0px auto;\"  id=\"_ytid_25594\" width=\"480\" height=\"270\"  data-origwidth=\"480\" data-origheight=\"270\"  data-relstop=\"1\"  src=\"https:\/\/www.youtube.com\/embed\/J5XpoiHvouI?enablejsapi=1&rel=0&modestbranding=0&autoplay=0&cc_load_policy=0&iv_load_policy=1&loop=0&fs=1&playsinline=0&autohide=2&theme=dark&color=red&controls=1&\" class=\"__youtube_prefs__\" title=\"YouTube player\"  allow=\"autoplay; encrypted-media\" allowfullscreen data-no-lazy=\"1\" data-skipgform_ajax_framebjll=\"\"><\/iframe><br \/>\nHinter dieser Aussage stehen Christian Schiller (Gitarre) und Dirk Kunz (Kontrabass). Die beiden Musiker lernten sich in Marburg kennen und nach mehreren Auftritten in verschiedenen Besetzungen machte sich der Wunsch nach einem Duo Projekt bemerkbar. Beides Jazzk\u00f6pfe ohne Scheuklappen, die Musik nach Ihrer Wirkung und nicht nach Genre bewerten. Das Programm, das gr\u00f6\u00dftenteils aus Eigenkompositionen besteht, f\u00fchrt den Zuh\u00f6rer und die Spieler durch kontroverse Soundlandschaften, \u00fcber groovige Querfeldeinstrecken, temporeiche Rennbahnen und idyllische Balladenstr\u00e4nde. So entsteht eine barrierefreie Musik, die jeden gefangen nimmt, der mit dem Herzen h\u00f6rt. Spass an Kommunikation, Freude am Ausprobieren und die Herausforderung im immer w\u00e4hrenden Dialog Neues entstehen zu lassen sind die Antriebsfedern f\u00fcr Schillernde Kunzt.<\/p>\n<p>Bei Interesse oder Fragen zur Buchung melden Sie sich jederzeit unter <a href=\"mailto:dkunz.bass@googlemail.com\">Dirk Kunz.<\/a><\/p>\n","protected":false},"excerpt":{"rendered":"<p>Hinter dieser Aussage stehen Christian Schiller (Gitarre) und Dirk Kunz (Kontrabass). Die beiden Musiker lernten sich in Marburg kennen und nach mehreren Auftritten in verschiedenen Besetzungen machte sich der Wunsch nach einem Duo Projekt bemerkbar. Beides Jazzk\u00f6pfe ohne Scheuklappen, die Musik nach Ihrer Wirkung und nicht nach Genre bewerten. Das Programm, das gr\u00f6\u00dftenteils aus Eigenkompositionen [&hellip;]<\/p>\n","protected":false},"author":1,"featured_media":0,"parent":305,"menu_order":0,"comment_status":"closed","ping_status":"closed","template":"page-no-sidebar.php","meta":{"_monsterinsights_skip_tracking":false,"_monsterinsights_sitenote_active":false,"_monsterinsights_sitenote_note":"","_monsterinsights_sitenote_category":0},"_links":{"self":[{"href":"http:\/\/dirk-kunz.net\/index.php?rest_route=\/wp\/v2\/pages\/1335"}],"collection":[{"href":"http:\/\/dirk-kunz.net\/index.php?rest_route=\/wp\/v2\/pages"}],"about":[{"href":"http:\/\/dirk-kunz.net\/index.php?rest_route=\/wp\/v2\/types\/page"}],"author":[{"embeddable":true,"href":"http:\/\/dirk-kunz.net\/index.php?rest_route=\/wp\/v2\/users\/1"}],"replies":[{"embeddable":true,"href":"http:\/\/dirk-kunz.net\/index.php?rest_route=%2Fwp%2Fv2%2Fcomments&post=1335"}],"version-history":[{"count":7,"href":"http:\/\/dirk-kunz.net\/index.php?rest_route=\/wp\/v2\/pages\/1335\/revisions"}],"predecessor-version":[{"id":1442,"href":"http:\/\/dirk-kunz.net\/index.php?rest_route=\/wp\/v2\/pages\/1335\/revisions\/1442"}],"up":[{"embeddable":true,"href":"http:\/\/dirk-kunz.net\/index.php?rest_route=\/wp\/v2\/pages\/305"}],"wp:attachment":[{"href":"http:\/\/dirk-kunz.net\/index.php?rest_route=%2Fwp%2Fv2%2Fmedia&parent=1335"}],"curies":[{"name":"wp","href":"https:\/\/api.w.org\/{rel}","templated":true}]}}