{"id":1227,"date":"2015-09-06T10:48:49","date_gmt":"2015-09-06T10:48:49","guid":{"rendered":"http:\/\/dirk-kunz.net\/?page_id=1227"},"modified":"2015-09-09T07:56:22","modified_gmt":"2015-09-09T07:56:22","slug":"studierenden-bigband-marburg","status":"publish","type":"page","link":"http:\/\/dirk-kunz.net\/?page_id=1227","title":{"rendered":"Studierenden Bigband Marburg"},"content":{"rendered":"\n<table id=\"tablepress-8\" class=\"tablepress tablepress-id-8\">\n<tbody>\n<tr class=\"row-1\">\n\t<td class=\"column-1\"><span class=\"frame-outer  alignnone size-medium wp-image-1224\"><span><span><span><span><a href=\"http:\/\/dirk-kunz.net\/wp-content\/uploads\/2015\/09\/StudiBigbandMR.jpg\" rel=\"lightbox[1227]\"><img src=\"http:\/\/dirk-kunz.net\/wp-content\/uploads\/2015\/09\/StudiBigbandMR-300x172.jpg\" alt=\"StudiBigbandMR\" width=\"300\" height=\"172\" class=\"alignnone size-medium wp-image-1224\" \/><\/a><\/span><\/span><\/span><\/span><\/span><\/td><td class=\"column-2\">Drei S\u00e4ngerInnen, sechs Trompeten, f\u00fcnf Posaunen, sechs Saxophone, Gitarre und Bass, Klavier und Schlagzeug. 20 MusikerInnen und unz\u00e4hlige M\u00f6glichkeiten, Bigband-Musik zu spielen. Und das tut die Studierenden-BigBand Marburg seit Oktober 1994. Anfangs noch ein Nebenprojekt des Studenten-Sinfonieorchesters Marburg (SSO), ist die Studierenden-BigBand mittlerweile ein unabh\u00e4ngiger Verein und kein offizielles Uni-Ensemble. Jedoch besteht die Band \u00fcberwiegend aus Studierenden der Philipps-Universit\u00e4t Marburg. Die musikalische Arbeit wird durch Semesterbeitr\u00e4ge der MusikerInnen, Spenden und Konzertgagen finanziert. Jedes Semester erarbeitet die Band ein Programm, das einem inhaltlichen roten Faden folgt, allerdings stilistisch durchaus verschieden ist und neben traditionellen Jazz und Swing auch Funk, Latin, Rock und Pop St\u00fccke beinhaltet. Am Ende eines jeden Semesters findet mindestens ein Abschlusskonzert statt.<\/td>\n<\/tr>\n<tr class=\"row-2\">\n\t<td class=\"column-1\">Aktuelle <a href=\"http:\/\/studibigband-marburg.de\/uber-uns\/\" target=\"_blank\">Besetzung<\/a> findet ihr hier.<\/td><td class=\"column-2\">Booking: <a href=\"http:\/\/studibigband-marburg.de\/kontakt\/\" target=\"_blank\">Studierenden Bigband Marburg<\/a><\/td>\n<\/tr>\n<\/tbody>\n<\/table>\n<!-- #tablepress-8 from cache -->\n","protected":false},"excerpt":{"rendered":"","protected":false},"author":1,"featured_media":0,"parent":305,"menu_order":0,"comment_status":"closed","ping_status":"closed","template":"page-no-sidebar.php","meta":{"_monsterinsights_skip_tracking":false,"_monsterinsights_sitenote_active":false,"_monsterinsights_sitenote_note":"","_monsterinsights_sitenote_category":0},"_links":{"self":[{"href":"http:\/\/dirk-kunz.net\/index.php?rest_route=\/wp\/v2\/pages\/1227"}],"collection":[{"href":"http:\/\/dirk-kunz.net\/index.php?rest_route=\/wp\/v2\/pages"}],"about":[{"href":"http:\/\/dirk-kunz.net\/index.php?rest_route=\/wp\/v2\/types\/page"}],"author":[{"embeddable":true,"href":"http:\/\/dirk-kunz.net\/index.php?rest_route=\/wp\/v2\/users\/1"}],"replies":[{"embeddable":true,"href":"http:\/\/dirk-kunz.net\/index.php?rest_route=%2Fwp%2Fv2%2Fcomments&post=1227"}],"version-history":[{"count":1,"href":"http:\/\/dirk-kunz.net\/index.php?rest_route=\/wp\/v2\/pages\/1227\/revisions"}],"predecessor-version":[{"id":1228,"href":"http:\/\/dirk-kunz.net\/index.php?rest_route=\/wp\/v2\/pages\/1227\/revisions\/1228"}],"up":[{"embeddable":true,"href":"http:\/\/dirk-kunz.net\/index.php?rest_route=\/wp\/v2\/pages\/305"}],"wp:attachment":[{"href":"http:\/\/dirk-kunz.net\/index.php?rest_route=%2Fwp%2Fv2%2Fmedia&parent=1227"}],"curies":[{"name":"wp","href":"https:\/\/api.w.org\/{rel}","templated":true}]}}