{"id":1206,"date":"2015-09-06T09:41:11","date_gmt":"2015-09-06T09:41:11","guid":{"rendered":"http:\/\/dirk-kunz.net\/?page_id=1206"},"modified":"2015-09-06T09:41:11","modified_gmt":"2015-09-06T09:41:11","slug":"the-meat-magicians","status":"publish","type":"page","link":"http:\/\/dirk-kunz.net\/?page_id=1206","title":{"rendered":"The Meat Magicians"},"content":{"rendered":"\n<table id=\"tablepress-2\" class=\"tablepress tablepress-id-2\">\n<tbody>\n<tr class=\"row-1\">\n\t<td class=\"column-1\"><span class=\"frame-outer  \"><span><span><span><span><a href=\"http:\/\/dirk-kunz.net\/wp-content\/uploads\/2015\/09\/Meat_Magicians.jpg\" rel=\"lightbox[1206]\"><img src=\"http:\/\/dirk-kunz.net\/wp-content\/uploads\/2015\/09\/Meat_Magicians-150x150.jpg\" \/><\/a><\/span><\/span><\/span><\/span><\/span><\/td><td class=\"column-2\">Kokett knarzende krass krosse keck knisternde kriegerisch kl\u00e4ffende knackig krumme kalorienreiche Kn\u00fcllerklangkunst. Hier wird mit Klangfarben gekleckert, mit fleischigen Sounds geklotzt und ratzfatz den Lachsh\u00e4ppchen mit dem Hackebeilchen zu Leibe ger\u00fcckt. Da wird hackfleischgleich Altes mit Neuem vermischt und frankensteinesk toter musikalischer Materie frisches Leben eingehaucht. Erik J\u00fcnge (g), Dirk Kunz (b), und Philipp Zdebel (d) dulden den Apfel nur im Schwein und sehen es als ihre Aufgabe, gehaltvollen und wohl marmorierten Jazz zu servieren. Ein gutes Training f\u00fcr schwache M\u00e4gen und auf jeden Fall was f\u00fcr Gourmets.<\/td>\n<\/tr>\n<tr class=\"row-2\">\n\t<td class=\"column-1\">Dirk Kunz - Bass<br \/>\nErik J\u00fcnge - Guitar<br \/>\nPhilipp Zdebel - Drums<\/td><td class=\"column-2\">Booking: <a href=\"&#109;&#097;&#105;&#108;&#116;&#111;&#058;&#100;&#107;&#117;&#110;&#122;&#046;&#098;&#097;&#115;&#115;&#064;&#103;&#111;&#111;&#103;&#108;&#101;&#109;&#097;&#105;&#108;&#046;&#099;&#111;&#109;\">Dirk Kunz<\/a><\/td>\n<\/tr>\n<\/tbody>\n<\/table>\n<!-- #tablepress-2 from cache -->\n","protected":false},"excerpt":{"rendered":"","protected":false},"author":1,"featured_media":0,"parent":305,"menu_order":3,"comment_status":"closed","ping_status":"closed","template":"page-no-sidebar.php","meta":{"_monsterinsights_skip_tracking":false,"_monsterinsights_sitenote_active":false,"_monsterinsights_sitenote_note":"","_monsterinsights_sitenote_category":0},"_links":{"self":[{"href":"http:\/\/dirk-kunz.net\/index.php?rest_route=\/wp\/v2\/pages\/1206"}],"collection":[{"href":"http:\/\/dirk-kunz.net\/index.php?rest_route=\/wp\/v2\/pages"}],"about":[{"href":"http:\/\/dirk-kunz.net\/index.php?rest_route=\/wp\/v2\/types\/page"}],"author":[{"embeddable":true,"href":"http:\/\/dirk-kunz.net\/index.php?rest_route=\/wp\/v2\/users\/1"}],"replies":[{"embeddable":true,"href":"http:\/\/dirk-kunz.net\/index.php?rest_route=%2Fwp%2Fv2%2Fcomments&post=1206"}],"version-history":[{"count":1,"href":"http:\/\/dirk-kunz.net\/index.php?rest_route=\/wp\/v2\/pages\/1206\/revisions"}],"predecessor-version":[{"id":1207,"href":"http:\/\/dirk-kunz.net\/index.php?rest_route=\/wp\/v2\/pages\/1206\/revisions\/1207"}],"up":[{"embeddable":true,"href":"http:\/\/dirk-kunz.net\/index.php?rest_route=\/wp\/v2\/pages\/305"}],"wp:attachment":[{"href":"http:\/\/dirk-kunz.net\/index.php?rest_route=%2Fwp%2Fv2%2Fmedia&parent=1206"}],"curies":[{"name":"wp","href":"https:\/\/api.w.org\/{rel}","templated":true}]}}