{"id":1194,"date":"2015-09-06T09:05:32","date_gmt":"2015-09-06T09:05:32","guid":{"rendered":"http:\/\/dirk-kunz.net\/?page_id=1194"},"modified":"2015-09-06T09:05:32","modified_gmt":"2015-09-06T09:05:32","slug":"philipp-schug-quartett","status":"publish","type":"page","link":"http:\/\/dirk-kunz.net\/?page_id=1194","title":{"rendered":"Philipp Schug Quartett"},"content":{"rendered":"<p>\n<table id=\"tablepress-3\" class=\"tablepress tablepress-id-3\">\n<tbody>\n<tr class=\"row-1\">\n\t<td class=\"column-1\"><span class=\"frame-outer  alignnone size-medium wp-image-1180\"><span><span><span><span><a href=\"http:\/\/dirk-kunz.net\/wp-content\/uploads\/2015\/09\/PS4tett-Website.jpg\" rel=\"lightbox[1194]\"><img src=\"http:\/\/dirk-kunz.net\/wp-content\/uploads\/2015\/09\/PS4tett-Website-300x270.jpg\" alt=\"PS4tett Website\" width=\"300\" height=\"270\" class=\"alignnone size-medium wp-image-1180\" \/><\/a><\/span><\/span><\/span><\/span><\/span><\/td><td class=\"column-2\">Philipp Schugs im November 2007 gegr\u00fcndete Formation bereitet erst einmal nicht die \u00fcblichen Parameter oft gespielter Jazz-Standards des \u201eGreat American Songbooks\u201c auf, sondern stellt ausschlie\u00dflich selbst konzipiertes Material vor; Kreativstrukturen, angesiedelt im Bereich zwischen zeitgen\u00f6ssischem Modern Jazz, Rock und durchaus auch moderneren Kl\u00e4ngen.<\/td>\n<\/tr>\n<tr class=\"row-2\">\n\t<td class=\"column-1\">Mitglieder<br \/>\nPhilipp Schug - Posaune<br \/>\nArnulf Ochs - Gitarre<br \/>\nDaniel Pr\u00e4tzlich - Drums<br \/>\nDirk Kunz - Bass<\/td><td class=\"column-2\">Booking: <a href=\"http:\/\/www.philippschug.de\/kontakt.php\" target=\"_blank\">Philipp Schug<\/a><\/td>\n<\/tr>\n<\/tbody>\n<\/table>\n<!-- #tablepress-3 from cache --><br \/>\n<iframe loading=\"lazy\"  style=\"display: block; margin: 0px auto;\"  id=\"_ytid_22500\" width=\"480\" height=\"360\"  data-origwidth=\"480\" data-origheight=\"360\"  data-relstop=\"1\"  src=\"https:\/\/www.youtube.com\/embed\/UnxpT2WzmXg?enablejsapi=1&#038;list=PLUSRfoOcUe4azgA64A0WrmM0FBMVCRG4D&#038;index=4&#038;rel=0&#038;modestbranding=0&#038;autoplay=0&#038;cc_load_policy=0&#038;iv_load_policy=1&#038;loop=0&#038;fs=1&#038;playsinline=0&#038;autohide=2&#038;theme=dark&#038;color=red&#038;controls=1&#038;\" class=\"__youtube_prefs__\" title=\"YouTube player\"  allow=\"autoplay; encrypted-media\" allowfullscreen data-no-lazy=\"1\" data-skipgform_ajax_framebjll=\"\"><\/iframe><\/p>\n","protected":false},"excerpt":{"rendered":"","protected":false},"author":1,"featured_media":0,"parent":305,"menu_order":1,"comment_status":"closed","ping_status":"closed","template":"page-no-sidebar.php","meta":{"_monsterinsights_skip_tracking":false,"_monsterinsights_sitenote_active":false,"_monsterinsights_sitenote_note":"","_monsterinsights_sitenote_category":0},"_links":{"self":[{"href":"http:\/\/dirk-kunz.net\/index.php?rest_route=\/wp\/v2\/pages\/1194"}],"collection":[{"href":"http:\/\/dirk-kunz.net\/index.php?rest_route=\/wp\/v2\/pages"}],"about":[{"href":"http:\/\/dirk-kunz.net\/index.php?rest_route=\/wp\/v2\/types\/page"}],"author":[{"embeddable":true,"href":"http:\/\/dirk-kunz.net\/index.php?rest_route=\/wp\/v2\/users\/1"}],"replies":[{"embeddable":true,"href":"http:\/\/dirk-kunz.net\/index.php?rest_route=%2Fwp%2Fv2%2Fcomments&post=1194"}],"version-history":[{"count":2,"href":"http:\/\/dirk-kunz.net\/index.php?rest_route=\/wp\/v2\/pages\/1194\/revisions"}],"predecessor-version":[{"id":1196,"href":"http:\/\/dirk-kunz.net\/index.php?rest_route=\/wp\/v2\/pages\/1194\/revisions\/1196"}],"up":[{"embeddable":true,"href":"http:\/\/dirk-kunz.net\/index.php?rest_route=\/wp\/v2\/pages\/305"}],"wp:attachment":[{"href":"http:\/\/dirk-kunz.net\/index.php?rest_route=%2Fwp%2Fv2%2Fmedia&parent=1194"}],"curies":[{"name":"wp","href":"https:\/\/api.w.org\/{rel}","templated":true}]}}