{"id":1162,"date":"2015-09-06T07:20:57","date_gmt":"2015-09-06T07:20:57","guid":{"rendered":"http:\/\/dirk-kunz.net\/?page_id=1162"},"modified":"2015-09-06T13:20:19","modified_gmt":"2015-09-06T13:20:19","slug":"rhythmik-und-koerperbewusstsein","status":"publish","type":"page","link":"http:\/\/dirk-kunz.net\/?page_id=1162","title":{"rendered":"Rhythmik und K\u00f6rperbewusstsein"},"content":{"rendered":"<p>Warum klingt die &#8222;Tower of Power&#8220; Horn Section so tight? Was macht die Red Hot Chili Peppers aus? Warum muss man sich bei mancher Musik bewegen und bei mancher nicht? Die Antwort auf alle diese Fragen ist der sagenumwobene Groove. \u201eGroove\u201c ist das englische Wort f\u00fcr den technischen Begriff \u201eNut\u201c oder auch f\u00fcr die \u201eRille\u201c einer Schallplatte. Im englisch gepr\u00e4gten Musik-Vokabular meint \u201eGroove\u201c aber eigentlich das \u201eZusammensein\u201c von Musikern, also die Qualit\u00e4t ihres Zusammenspiels. Und da ein Ganzes bekanntlich die Summe seiner Teile ist, ist Groove zun\u00e4chst einmal Sache jedes Einzelnen. Dabei spielt das bewusste Erleben von Rhythmik eine zentrale Rolle. Unser K\u00f6rperbewusstsein ist ma\u00dfgeblich f\u00fcr unser Timing und mithin f\u00fcr gutes Grooven verantwortlich. Wie man f\u00fcr sich selber diesen Groove herstellen kann, beim \u00dcben und auf der B\u00fchne, egal ob mit Band oder alleine, darum geht es beim Workshop &#8222;Rhythmik und K\u00f6rperbewu\u00dftsein&#8220;.<\/p>\n<p>Geeignet ist dieser Workshop f\u00fcr alle Instrumentalisten, egal ob S\u00e4nger, Bl\u00e4ser, Streicher oder Rhythmusgruppe. Wir werden in zwei Einheiten erst einmal unser K\u00f6rperbewusstsein wach r\u00fctteln und in der Gruppe Groove erleben, bevor wir dann das Erlernte mit Instrumenten umsetzen.<\/p>\n<p>Bei Fragen zum Tarif, zu den vor Ort n\u00f6tigen Vorraussetzungen oder generell zum detaillierten Inhalt, k\u00f6nnt Ihr mir gerne eine <a href=\"mailto:dkunz.bass@gmail.com\">E-Mail<\/a>\u00a0schreiben.<\/p>\n","protected":false},"excerpt":{"rendered":"<p>Warum klingt die &#8222;Tower of Power&#8220; Horn Section so tight? Was macht die Red Hot Chili Peppers aus? Warum muss man sich bei mancher Musik bewegen und bei mancher nicht? Die Antwort auf alle diese Fragen ist der sagenumwobene Groove. \u201eGroove\u201c ist das englische Wort f\u00fcr den technischen Begriff \u201eNut\u201c oder auch f\u00fcr die \u201eRille\u201c [&hellip;]<\/p>\n","protected":false},"author":1,"featured_media":0,"parent":170,"menu_order":6,"comment_status":"closed","ping_status":"closed","template":"","meta":{"_monsterinsights_skip_tracking":false,"_monsterinsights_sitenote_active":false,"_monsterinsights_sitenote_note":"","_monsterinsights_sitenote_category":0},"_links":{"self":[{"href":"http:\/\/dirk-kunz.net\/index.php?rest_route=\/wp\/v2\/pages\/1162"}],"collection":[{"href":"http:\/\/dirk-kunz.net\/index.php?rest_route=\/wp\/v2\/pages"}],"about":[{"href":"http:\/\/dirk-kunz.net\/index.php?rest_route=\/wp\/v2\/types\/page"}],"author":[{"embeddable":true,"href":"http:\/\/dirk-kunz.net\/index.php?rest_route=\/wp\/v2\/users\/1"}],"replies":[{"embeddable":true,"href":"http:\/\/dirk-kunz.net\/index.php?rest_route=%2Fwp%2Fv2%2Fcomments&post=1162"}],"version-history":[{"count":5,"href":"http:\/\/dirk-kunz.net\/index.php?rest_route=\/wp\/v2\/pages\/1162\/revisions"}],"predecessor-version":[{"id":1251,"href":"http:\/\/dirk-kunz.net\/index.php?rest_route=\/wp\/v2\/pages\/1162\/revisions\/1251"}],"up":[{"embeddable":true,"href":"http:\/\/dirk-kunz.net\/index.php?rest_route=\/wp\/v2\/pages\/170"}],"wp:attachment":[{"href":"http:\/\/dirk-kunz.net\/index.php?rest_route=%2Fwp%2Fv2%2Fmedia&parent=1162"}],"curies":[{"name":"wp","href":"https:\/\/api.w.org\/{rel}","templated":true}]}}