{"id":1149,"date":"2015-09-06T07:10:59","date_gmt":"2015-09-06T07:10:59","guid":{"rendered":"http:\/\/dirk-kunz.net\/?page_id=1149"},"modified":"2022-07-05T20:45:04","modified_gmt":"2022-07-05T20:45:04","slug":"first-steps-into-jazz","status":"publish","type":"page","link":"http:\/\/dirk-kunz.net\/?page_id=1149","title":{"rendered":"First Steps Into Jazz"},"content":{"rendered":"\n<figure class=\"wp-block-image size-large\"><span class=\"frame-outer  wp-image-1689\"><span><span><span><span><a href=\"http:\/\/dirk-kunz.net\/wp-content\/uploads\/2022\/07\/Steps-Into-Jazz-2022.jpg\" rel=\"lightbox[1149]\"><img loading=\"lazy\" width=\"415\" height=\"294\" src=\"http:\/\/dirk-kunz.net\/wp-content\/uploads\/2022\/07\/Steps-Into-Jazz-2022.jpg\" alt=\"\" class=\"wp-image-1689\" srcset=\"http:\/\/dirk-kunz.net\/wp-content\/uploads\/2022\/07\/Steps-Into-Jazz-2022.jpg 841w, http:\/\/dirk-kunz.net\/wp-content\/uploads\/2022\/07\/Steps-Into-Jazz-2022-300x212.jpg 300w, http:\/\/dirk-kunz.net\/wp-content\/uploads\/2022\/07\/Steps-Into-Jazz-2022-768x543.jpg 768w\" sizes=\"(max-width: 841px) 100vw, 841px\" \/><\/a><\/span><\/span><\/span><\/span><\/span><\/figure>\n\n\n<p>Im Laufe der Jahre, habe ich immer wieder festgestellt, dass f\u00fcr viele der Begriff &#8222;Jazz&#8220; etwas mystisches und undurchsichtiges hat. Die Tatsache, dass man in dieser Musik v\u00f6llig frei Soli spielen kann und auch geschriebene Themen interpretierbar sind in Rhythmik und Tonalit\u00e4t, schreckt viele Leute ab, sich \u00fcberhaupt damit zu besch\u00e4ftigen. Um diese erste, meist un\u00fcberwindbar scheinende Schwelle zu \u00fcberschreiten, ist mein Workout gedacht.<\/p>\n<p>Der Jazzworkshop &#8222;First Steps Into Jazz&#8220; erstreckt sich \u00fcber 4 Einheiten \u00e0 3 Stunden. In dieser Zeit werden grundlegende F\u00e4higkeiten f\u00fcr das Zusammenspiel in verschiedenen Stilistiken erlernt. Diese beinhalten einen Theorieanteil, der sich mit der Analyse der jeweiligen St\u00fccke auseinandersetzt, spezielle \u00dcbungen f\u00fcr das Improvisieren und das Erlernen der verschiedenen Grooves als Gemeinschaft. Gedacht ist dieser Jazzworkshop f\u00fcr alle, die bereits ihr Instrument grundlegend beherrschen und sich mit dem Thema Improvisation auseinander setzen wollen. Hier soll es die M\u00f6glichkeit geben, in der Gruppe erste Banderfahrung zu sammeln. Egal ob Saxophon, Klavier, Bass, Gitarre, Schlagzeug, Violine oder Gesang, die Inhalte sind auf alle Instrumente \u00fcbertragbar.<\/p>\n<p>F\u00fcr mehr Infos schaut Euch den Flyer unten an!<\/p>\n<p><strong>N\u00e4chster Termin: 13. und 14.08.2022<\/strong><\/p>\n\n\n<div class=\"wp-block-columns\">\n<div class=\"wp-block-column\" style=\"flex-basis:100%\">\n<div class=\"wp-block-group\"><div class=\"wp-block-group__inner-container\">\n<div class=\"wp-block-columns\">\n<div class=\"wp-block-column\" style=\"flex-basis:100%\">\n<div class=\"wp-block-group\"><div class=\"wp-block-group__inner-container\">\n<div class=\"wp-block-file\"><a href=\"http:\/\/dirk-kunz.net\/wp-content\/uploads\/2022\/07\/Steps-Into-Jazz-2022-1.pdf\">Flyer mit Anmeldeformular<\/a><a href=\"http:\/\/dirk-kunz.net\/wp-content\/uploads\/2022\/07\/Steps-Into-Jazz-2022-1.pdf\" class=\"wp-block-file__button\" download>Herunterladen<\/a><\/div>\n<\/div><\/div>\n<\/div>\n<\/div>\n<\/div><\/div>\n<\/div>\n<\/div>\n\n\n\n<p><\/p>\n","protected":false},"excerpt":{"rendered":"<p>Im Laufe der Jahre, habe ich immer wieder festgestellt, dass f\u00fcr viele der Begriff &#8222;Jazz&#8220; etwas mystisches und undurchsichtiges hat. Die Tatsache, dass man in dieser Musik v\u00f6llig frei Soli spielen kann und auch geschriebene Themen interpretierbar sind in Rhythmik und Tonalit\u00e4t, schreckt viele Leute ab, sich \u00fcberhaupt damit zu besch\u00e4ftigen. Um diese erste, meist [&hellip;]<\/p>\n","protected":false},"author":1,"featured_media":0,"parent":170,"menu_order":4,"comment_status":"closed","ping_status":"closed","template":"","meta":{"_monsterinsights_skip_tracking":false,"_monsterinsights_sitenote_active":false,"_monsterinsights_sitenote_note":"","_monsterinsights_sitenote_category":0},"_links":{"self":[{"href":"http:\/\/dirk-kunz.net\/index.php?rest_route=\/wp\/v2\/pages\/1149"}],"collection":[{"href":"http:\/\/dirk-kunz.net\/index.php?rest_route=\/wp\/v2\/pages"}],"about":[{"href":"http:\/\/dirk-kunz.net\/index.php?rest_route=\/wp\/v2\/types\/page"}],"author":[{"embeddable":true,"href":"http:\/\/dirk-kunz.net\/index.php?rest_route=\/wp\/v2\/users\/1"}],"replies":[{"embeddable":true,"href":"http:\/\/dirk-kunz.net\/index.php?rest_route=%2Fwp%2Fv2%2Fcomments&post=1149"}],"version-history":[{"count":12,"href":"http:\/\/dirk-kunz.net\/index.php?rest_route=\/wp\/v2\/pages\/1149\/revisions"}],"predecessor-version":[{"id":1698,"href":"http:\/\/dirk-kunz.net\/index.php?rest_route=\/wp\/v2\/pages\/1149\/revisions\/1698"}],"up":[{"embeddable":true,"href":"http:\/\/dirk-kunz.net\/index.php?rest_route=\/wp\/v2\/pages\/170"}],"wp:attachment":[{"href":"http:\/\/dirk-kunz.net\/index.php?rest_route=%2Fwp%2Fv2%2Fmedia&parent=1149"}],"curies":[{"name":"wp","href":"https:\/\/api.w.org\/{rel}","templated":true}]}}