{"id":1097,"date":"2015-09-05T08:30:51","date_gmt":"2015-09-05T08:30:51","guid":{"rendered":"http:\/\/dirk-kunz.net\/?page_id=1097"},"modified":"2015-09-06T13:08:41","modified_gmt":"2015-09-06T13:08:41","slug":"kontrabass","status":"publish","type":"page","link":"http:\/\/dirk-kunz.net\/?page_id=1097","title":{"rendered":"Kontrabass"},"content":{"rendered":"<p>Mein Unterrichtskonzept, welches ich \u00fcber die letzten Jahre entwickelt habe und stetig weiterentwickle anhand der Erfahrungen mit meinen Sch\u00fclern umfasst grob 3 verschiedene Themengebiete.<\/p>\n<h4>1 &#8211; Das klassische Spiel mit Bogen<\/h4>\n<p>Es geht hier nicht darum den Sch\u00fcler zu zwingen klassischen Unterricht zu bekommen, sondern es ist die Grundlage zu jedem zielgerichteten \u00dcben. Gestrichene T\u00f6ne sind einfach sauber im Klang. Die Saite wird in eine gleichm\u00e4\u00dfige Schwingung versetzt, die einen genau den Ton wahrnehmen l\u00e4sst. Anders als beim Zupfen, wo die Saite einen kurzen Impuls bekommt, dann schneller und langsamer wird, bis sie schlie\u00dflich nur f\u00fcr kurze Zeit den eigentlich gespielten Ton h\u00f6rbar macht. Deswegen geh\u00f6rt zu meinen Kontrabassunterricht das Bogenspiel. Aber auch die Fingers\u00e4tze f\u00fcr Lagen und Tonleitern, sind \u00fcberlebenswichtig f\u00fcr sicheres Bassspiel. Als Grundlage f\u00fcr diesen Bereich arbeite ich mit der \u201a<a href=\"http:\/\/de.wikipedia.org\/wiki\/Franz_Simandl\" target=\"_blank\">Simandl<\/a>\u2019 Schule.<\/p>\n<h4>2 &#8211; Jazz-Grundlagen<\/h4>\n<p>Aber keine Angst vor zu viel statischen Klassischen Et\u00fcden, das Ganze wird schnell gemixt mit den ersten Jazz-Grundlagen. Dreikl\u00e4nge, Vierkl\u00e4nge und schlie\u00dflich die ersten gewalkten Bluesformen. Da das eine das andere bedingt, sind diese beiden Bereiche eng miteinander verbunden und immer gleichzeitig am wachsen.<\/p>\n<h4>3 &#8211; Allgemeine Harmonielehre und Jazz-\/Pop-Harmonielehre<\/h4>\n<p>Genauso wie man die T\u00f6ne und Rhythmen lernt, emanzipieren wir ein Verst\u00e4ndnis f\u00fcr die Grundlage der Musik und ihre Zusammenh\u00e4nge.<\/p>\n<p>&nbsp;<\/p>\n<p><span style=\"font-family: Arial, sans-serif;\">Bei Fragen zum Tarif, den vor Ort n\u00f6tigen Vorraussetzungen oder generell zum detaillierten Inhalt, k\u00f6nnt Ihr mir gerne unter\u00a0<\/span><span lang=\"zxx\" style=\"color: #3366ff;\"><u><a style=\"color: #3366ff;\" href=\"mailto:dkunz.bass@gmail.com\">dkunz.bass@gmail.com<\/a><\/u><\/span><span style=\"font-family: Arial, sans-serif;\">\u00a0schreiben.<\/span><\/p>\n","protected":false},"excerpt":{"rendered":"<p>Mein Unterrichtskonzept, welches ich \u00fcber die letzten Jahre entwickelt habe und stetig weiterentwickle anhand der Erfahrungen mit meinen Sch\u00fclern umfasst grob 3 verschiedene Themengebiete. 1 &#8211; Das klassische Spiel mit Bogen Es geht hier nicht darum den Sch\u00fcler zu zwingen klassischen Unterricht zu bekommen, sondern es ist die Grundlage zu jedem zielgerichteten \u00dcben. Gestrichene T\u00f6ne [&hellip;]<\/p>\n","protected":false},"author":2,"featured_media":0,"parent":170,"menu_order":1,"comment_status":"closed","ping_status":"closed","template":"","meta":{"_monsterinsights_skip_tracking":false,"_monsterinsights_sitenote_active":false,"_monsterinsights_sitenote_note":"","_monsterinsights_sitenote_category":0},"_links":{"self":[{"href":"http:\/\/dirk-kunz.net\/index.php?rest_route=\/wp\/v2\/pages\/1097"}],"collection":[{"href":"http:\/\/dirk-kunz.net\/index.php?rest_route=\/wp\/v2\/pages"}],"about":[{"href":"http:\/\/dirk-kunz.net\/index.php?rest_route=\/wp\/v2\/types\/page"}],"author":[{"embeddable":true,"href":"http:\/\/dirk-kunz.net\/index.php?rest_route=\/wp\/v2\/users\/2"}],"replies":[{"embeddable":true,"href":"http:\/\/dirk-kunz.net\/index.php?rest_route=%2Fwp%2Fv2%2Fcomments&post=1097"}],"version-history":[{"count":3,"href":"http:\/\/dirk-kunz.net\/index.php?rest_route=\/wp\/v2\/pages\/1097\/revisions"}],"predecessor-version":[{"id":1156,"href":"http:\/\/dirk-kunz.net\/index.php?rest_route=\/wp\/v2\/pages\/1097\/revisions\/1156"}],"up":[{"embeddable":true,"href":"http:\/\/dirk-kunz.net\/index.php?rest_route=\/wp\/v2\/pages\/170"}],"wp:attachment":[{"href":"http:\/\/dirk-kunz.net\/index.php?rest_route=%2Fwp%2Fv2%2Fmedia&parent=1097"}],"curies":[{"name":"wp","href":"https:\/\/api.w.org\/{rel}","templated":true}]}}